{"id":7180,"date":"2021-02-12T07:38:19","date_gmt":"2021-02-12T07:38:19","guid":{"rendered":"https:\/\/www.digital-words.com\/sosyal-medya-reklamlari\/"},"modified":"2021-04-14T07:58:39","modified_gmt":"2021-04-14T07:58:39","slug":"social-media-ads","status":"publish","type":"page","link":"https:\/\/www.digital-words.com\/en\/social-media-ads\/","title":{"rendered":"Social Media Ads"},"content":{"rendered":"\t\t<div data-elementor-type=\"wp-post\" data-elementor-id=\"7180\" class=\"elementor elementor-7180\" data-elementor-settings=\"[]\">\n\t\t\t\t\t\t<div class=\"elementor-inner\">\n\t\t\t\t\t\t\t<div class=\"elementor-section-wrap\">\n\t\t\t\t\t\t\t<section class=\"elementor-section elementor-top-section elementor-element elementor-element-3e75c95 elementor-section-boxed elementor-section-height-default elementor-section-height-default\" data-id=\"3e75c95\" data-element_type=\"section\">\n\t\t\t\t\t\t<div class=\"elementor-container elementor-column-gap-default\">\n\t\t\t\t\t\t\t<div class=\"elementor-row\">\n\t\t\t\t\t<div class=\"elementor-column elementor-col-100 elementor-top-column elementor-element elementor-element-d02e2c7\" data-id=\"d02e2c7\" data-element_type=\"column\">\n\t\t\t<div class=\"elementor-column-wrap elementor-element-populated\">\n\t\t\t\t\t\t\t<div class=\"elementor-widget-wrap\">\n\t\t\t\t\t\t<section class=\"elementor-section elementor-inner-section elementor-element elementor-element-e597fa1 elementor-section-height-min-height elementor-section-boxed elementor-section-height-default\" data-id=\"e597fa1\" data-element_type=\"section\">\n\t\t\t\t\t\t<div class=\"elementor-container elementor-column-gap-default\">\n\t\t\t\t\t\t\t<div class=\"elementor-row\">\n\t\t\t\t\t<div class=\"elementor-column elementor-col-50 elementor-inner-column elementor-element elementor-element-0ffca5d\" data-id=\"0ffca5d\" data-element_type=\"column\" data-settings=\"{&quot;background_background&quot;:&quot;classic&quot;}\">\n\t\t\t<div class=\"elementor-column-wrap elementor-element-populated\">\n\t\t\t\t\t<div class=\"elementor-background-overlay\"><\/div>\n\t\t\t\t\t\t\t<div class=\"elementor-widget-wrap\">\n\t\t\t\t\t\t<div class=\"elementor-element elementor-element-66a7e11 sassico-video-memphis-zindex-1 elementor-absolute elementor-widget__width-auto elementor-hidden-tablet elementor-hidden-phone elementor-widget elementor-widget-image\" data-id=\"66a7e11\" data-element_type=\"widget\" data-settings=\"{&quot;ekit_we_effect_on&quot;:&quot;onscroll&quot;,&quot;ekit_we_scroll_animation_value&quot;:-150,&quot;_position&quot;:&quot;absolute&quot;,&quot;ekit_we_on_test_mode&quot;:&quot;on&quot;,&quot;ekit_we_scroll_animation&quot;:&quot;translateY&quot;,&quot;ekit_we_scroll_smoothness&quot;:700,&quot;ekit_we_scroll_offsettop&quot;:0,&quot;ekit_we_scroll_offsetbottom&quot;:0}\" data-widget_type=\"image.default\">\n\t\t\t\t<div class=\"elementor-widget-container\">\n\t\t\t\t\t<div class=\"elementor-image\">\n\t\t\t\t\t\t\t\t\t\t<img width=\"179\" height=\"179\" src=\"https:\/\/www.digital-words.com\/wp-content\/uploads\/2019\/09\/dot-img.png\" class=\"attachment-large size-large\" alt=\"\" loading=\"lazy\" srcset=\"https:\/\/www.digital-words.com\/wp-content\/uploads\/2019\/09\/dot-img.png 179w, https:\/\/www.digital-words.com\/wp-content\/uploads\/2019\/09\/dot-img-150x150.png 150w\" sizes=\"(max-width: 179px) 100vw, 179px\" \/>\t\t\t\t\t\t\t\t\t\t\t<\/div>\n\t\t\t\t<\/div>\n\t\t\t\t<\/div>\n\t\t\t\t<div class=\"elementor-element elementor-element-1b06250 sassico-video-memphis-zindex-1 elementor-absolute elementor-hidden-tablet elementor-hidden-phone elementor-widget elementor-widget-image\" data-id=\"1b06250\" data-element_type=\"widget\" data-settings=\"{&quot;ekit_we_effect_on&quot;:&quot;css&quot;,&quot;_position&quot;:&quot;absolute&quot;}\" data-widget_type=\"image.default\">\n\t\t\t\t<div class=\"elementor-widget-container\">\n\t\t\t\t\t<div class=\"elementor-image\">\n\t\t\t\t\t\t\t\t\t\t<img width=\"359\" height=\"266\" src=\"https:\/\/www.digital-words.com\/wp-content\/uploads\/2019\/09\/bg-shape-img.png\" class=\"attachment-large size-large\" alt=\"\" loading=\"lazy\" srcset=\"https:\/\/www.digital-words.com\/wp-content\/uploads\/2019\/09\/bg-shape-img.png 359w, https:\/\/www.digital-words.com\/wp-content\/uploads\/2019\/09\/bg-shape-img-300x222.png 300w\" sizes=\"(max-width: 359px) 100vw, 359px\" \/>\t\t\t\t\t\t\t\t\t\t\t<\/div>\n\t\t\t\t<\/div>\n\t\t\t\t<\/div>\n\t\t\t\t<div class=\"elementor-element elementor-element-feb7934 sassico-video-memphis-zindex-1 elementor-absolute elementor-widget__width-initial elementor-hidden-tablet elementor-hidden-phone elementor-widget elementor-widget-image\" data-id=\"feb7934\" data-element_type=\"widget\" data-settings=\"{&quot;ekit_we_effect_on&quot;:&quot;css&quot;,&quot;_position&quot;:&quot;absolute&quot;}\" data-widget_type=\"image.default\">\n\t\t\t\t<div class=\"elementor-widget-container\">\n\t\t\t\t\t<div class=\"elementor-image\">\n\t\t\t\t\t\t\t\t\t\t<img width=\"606\" height=\"578\" src=\"https:\/\/www.digital-words.com\/wp-content\/uploads\/2019\/10\/abiut-video-shape.png\" class=\"attachment-large size-large\" alt=\"\" loading=\"lazy\" srcset=\"https:\/\/www.digital-words.com\/wp-content\/uploads\/2019\/10\/abiut-video-shape.png 606w, https:\/\/www.digital-words.com\/wp-content\/uploads\/2019\/10\/abiut-video-shape-300x286.png 300w\" sizes=\"(max-width: 606px) 100vw, 606px\" \/>\t\t\t\t\t\t\t\t\t\t\t<\/div>\n\t\t\t\t<\/div>\n\t\t\t\t<\/div>\n\t\t\t\t\t\t<\/div>\n\t\t\t\t\t<\/div>\n\t\t<\/div>\n\t\t\t\t<div class=\"elementor-column elementor-col-50 elementor-inner-column elementor-element elementor-element-a3c64df\" data-id=\"a3c64df\" data-element_type=\"column\">\n\t\t\t<div class=\"elementor-column-wrap elementor-element-populated\">\n\t\t\t\t\t\t\t<div class=\"elementor-widget-wrap\">\n\t\t\t\t\t\t<div class=\"elementor-element elementor-element-bbd1197 elementor-widget elementor-widget-elementskit-heading\" data-id=\"bbd1197\" data-element_type=\"widget\" data-settings=\"{&quot;ekit_we_effect_on&quot;:&quot;none&quot;}\" data-widget_type=\"elementskit-heading.default\">\n\t\t\t\t<div class=\"elementor-widget-container\">\n\t\t\t<div class=\"ekit-wid-con\" ><div class=\"elementskit-section-title-wraper text_left   ekit_heading_tablet-   ekit_heading_mobile-\"><h2 class=\"elementskit-section-subtitle  \">Facebook ,Instagram, Twitter and Linkedin Ads <\/h2><p>Social media platforms subscribed by almost everyone who has internet access in today\u2019s world are getting more and more inviting for enterprises due to the involved target mass.<\/p>\n<p>Used by individuals from all the segments of the society, social media platforms offer detailed targeting choices by analysing the age, sex, location and interested areas of target groups.<\/p>\n<p>\u00a0<\/p>\n<p>Social media ads ensure very successful results thanks to product and service sales or page interactions if used on the right platforms with accurate ad models.<\/p>\n<p>Based on your target mass and marketing strategy, you can promote your brand or sell your products on the most preferred platforms which are Facebook, Instagram, Twitter and Linkedin.<\/p>\n<p>\u00a0<\/p>\n<p>Social Media ads;<\/p>\n<p>-Ensure bilateral interaction<\/p>\n<p>-Help to improve brand awareness<\/p>\n<p>-Offer low costs compared to other ad platforms<\/p>\n<p>-Help you to find the right target group<\/p>\n<p>-Offer reporting opportunity<\/p>\n<p>-Are measurable and flexible.<\/p>\n<p>\u00a0<\/p>\n<p>Using the most accurate marketing strategy, Digital Words brings your enterprise together with the target groups in social media platforms and helps you to get the maximum response with the minimum cost.<\/p>\n<p>You can contact us any time to get free social media analysis.<\/p>\n<\/div><\/div>\t\t<\/div>\n\t\t\t\t<\/div>\n\t\t\t\t\t\t<\/div>\n\t\t\t\t\t<\/div>\n\t\t<\/div>\n\t\t\t\t\t\t\t\t<\/div>\n\t\t\t\t\t<\/div>\n\t\t<\/section>\n\t\t\t\t\t\t<\/div>\n\t\t\t\t\t<\/div>\n\t\t<\/div>\n\t\t\t\t\t\t\t\t<\/div>\n\t\t\t\t\t<\/div>\n\t\t<\/section>\n\t\t\t\t<section class=\"elementor-section elementor-top-section elementor-element elementor-element-1af1d06 elementor-section-boxed elementor-section-height-default elementor-section-height-default\" data-id=\"1af1d06\" data-element_type=\"section\">\n\t\t\t\t\t\t<div class=\"elementor-container elementor-column-gap-default\">\n\t\t\t\t\t\t\t<div class=\"elementor-row\">\n\t\t\t\t\t<div class=\"elementor-column elementor-col-100 elementor-top-column elementor-element elementor-element-1fad422\" data-id=\"1fad422\" data-element_type=\"column\">\n\t\t\t<div class=\"elementor-column-wrap elementor-element-populated\">\n\t\t\t\t\t\t\t<div class=\"elementor-widget-wrap\">\n\t\t\t\t\t\t<div class=\"elementor-element elementor-element-d7f6e74 elementor-widget elementor-widget-elementskit-client-logo\" data-id=\"d7f6e74\" data-element_type=\"widget\" data-settings=\"{&quot;ekit_we_effect_on&quot;:&quot;none&quot;}\" data-widget_type=\"elementskit-client-logo.default\">\n\t\t\t\t<div class=\"elementor-widget-container\">\n\t\t\t<div class=\"ekit-wid-con\" >\n        <div class=\"elementskit-clients-slider simple_logo_image\" data-slidestoshow=\"5\" data-slidestoshowtablet=\"2\" data-slidestoshowmobile=\"1\" data-slidestoscroll=\"1\" data-slidesToScroll_tablet=\"1\" data-slidesToScroll_mobile=\"1\" data-speed=\"8000\" data-autoplay=\"yes\" data-show_arrow=\"\" data-show_dot=\"\" data-left_icon=\"\" data-right_icon=\"\" data-pause_on_hover=\"yes\" data-rows=\"1\" data-direction=\"\" data-rtl=\"\">\n\n                            <div class=\"elementskit-client-slider-item \">\n                    <div class=\"single-client image-switcher\" title=\"Title #1\">\n                        \n                            <div class=\"content-image\">\n\n                                <img src=\"https:\/\/www.digital-words.com\/wp-content\/uploads\/2021\/02\/logo_01.png\" alt=\"logo_01\" class=\"\">\n                                                            <\/div>\n\n                        \n                    <\/div>\n                <\/div>\n\n                            <div class=\"elementskit-client-slider-item \">\n                    <div class=\"single-client image-switcher\" title=\"Title #2\">\n                        \n                            <div class=\"content-image\">\n\n                                <img src=\"https:\/\/www.digital-words.com\/wp-content\/uploads\/2021\/02\/logo-bebevera.png\" alt=\"logo-bebevera\" class=\"\">\n                                                            <\/div>\n\n                        \n                    <\/div>\n                <\/div>\n\n                            <div class=\"elementskit-client-slider-item \">\n                    <div class=\"single-client image-switcher\" title=\"Title #3\">\n                        \n                            <div class=\"content-image\">\n\n                                <img src=\"https:\/\/www.digital-words.com\/wp-content\/uploads\/2021\/02\/logo2-orion-engineering.png\" alt=\"logo2-orion-engineering\" class=\"\">\n                                                            <\/div>\n\n                        \n                    <\/div>\n                <\/div>\n\n                            <div class=\"elementskit-client-slider-item \">\n                    <div class=\"single-client image-switcher\" title=\"Title #4\">\n                        \n                            <div class=\"content-image\">\n\n                                <img src=\"https:\/\/www.digital-words.com\/wp-content\/uploads\/2021\/02\/logo@2x.png\" alt=\"logo@2x\" class=\"\">\n                                                            <\/div>\n\n                        \n                    <\/div>\n                <\/div>\n\n                            <div class=\"elementskit-client-slider-item \">\n                    <div class=\"single-client image-switcher\" title=\"Title #5\">\n                        \n                            <div class=\"content-image\">\n\n                                <img src=\"https:\/\/www.digital-words.com\/wp-content\/uploads\/2021\/02\/sardes_logo-687x727-1.png\" alt=\"sardes_logo-687x727\" class=\"\">\n                                                            <\/div>\n\n                        \n                    <\/div>\n                <\/div>\n\n                            <div class=\"elementskit-client-slider-item \">\n                    <div class=\"single-client image-switcher\" title=\"Title #1\">\n                        \n                            <div class=\"content-image\">\n\n                                <img src=\"https:\/\/www.digital-words.com\/wp-content\/uploads\/2021\/02\/logo_01.png\" alt=\"logo_01\" class=\"\">\n                                                            <\/div>\n\n                        \n                    <\/div>\n                <\/div>\n\n                            <div class=\"elementskit-client-slider-item \">\n                    <div class=\"single-client image-switcher\" title=\"Title #2\">\n                        \n                            <div class=\"content-image\">\n\n                                <img src=\"https:\/\/www.digital-words.com\/wp-content\/uploads\/2021\/02\/logo-bebevera.png\" alt=\"logo-bebevera\" class=\"\">\n                                                            <\/div>\n\n                        \n                    <\/div>\n                <\/div>\n\n                            <div class=\"elementskit-client-slider-item \">\n                    <div class=\"single-client image-switcher\" title=\"Title #3\">\n                        \n                            <div class=\"content-image\">\n\n                                <img src=\"https:\/\/www.digital-words.com\/wp-content\/uploads\/2021\/02\/logo2-orion-engineering.png\" alt=\"logo2-orion-engineering\" class=\"\">\n                                                            <\/div>\n\n                        \n                    <\/div>\n                <\/div>\n\n                            <div class=\"elementskit-client-slider-item \">\n                    <div class=\"single-client image-switcher\" title=\"Title #4\">\n                        \n                            <div class=\"content-image\">\n\n                                <img src=\"https:\/\/www.digital-words.com\/wp-content\/uploads\/2021\/02\/logo@2x.png\" alt=\"logo@2x\" class=\"\">\n                                                            <\/div>\n\n                        \n                    <\/div>\n                <\/div>\n\n                            <div class=\"elementskit-client-slider-item \">\n                    <div class=\"single-client image-switcher\" title=\"Title #5\">\n                        \n                            <div class=\"content-image\">\n\n                                <img src=\"https:\/\/www.digital-words.com\/wp-content\/uploads\/2021\/02\/sardes_logo-687x727-1.png\" alt=\"sardes_logo-687x727\" class=\"\">\n                                                            <\/div>\n\n                        \n                    <\/div>\n                <\/div>\n\n            \n        <\/div><!-- .elementskit-clients-slider END -->\n\n   <\/div>\t\t<\/div>\n\t\t\t\t<\/div>\n\t\t\t\t<div class=\"elementor-element elementor-element-1efd9e3 elementor-widget elementor-widget-elementskit-button\" data-id=\"1efd9e3\" data-element_type=\"widget\" data-settings=\"{&quot;ekit_we_effect_on&quot;:&quot;none&quot;}\" data-widget_type=\"elementskit-button.default\">\n\t\t\t\t<div class=\"elementor-widget-container\">\n\t\t\t<div class=\"ekit-wid-con\" >\t\t<div class=\"ekit-btn-wraper\">\n\t\t\t\t\t\t\t<a  class=\"elementskit-btn \" >\n\t\t\t\t\tReferanslar\u0131m\u0131z\n\t\t\t\t\t\n\t\t\t\t<\/a>\n\t\t\t\t\t\t<\/div>\n        <\/div>\t\t<\/div>\n\t\t\t\t<\/div>\n\t\t\t\t\t\t<\/div>\n\t\t\t\t\t<\/div>\n\t\t<\/div>\n\t\t\t\t\t\t\t\t<\/div>\n\t\t\t\t\t<\/div>\n\t\t<\/section>\n\t\t\t\t<section class=\"elementor-section elementor-top-section elementor-element elementor-element-b8246d2 elementor-section-full_width elementor-section-height-default elementor-section-height-default\" data-id=\"b8246d2\" data-element_type=\"section\" data-settings=\"{&quot;background_background&quot;:&quot;classic&quot;,&quot;ekit_section_parallax_multi&quot;:&quot;yes&quot;,&quot;ekit_section_parallax_multi_items&quot;:[{&quot;parallax_style&quot;:&quot;onscroll&quot;,&quot;image&quot;:{&quot;url&quot;:&quot;https:\\\/\\\/www.digital-words.com\\\/wp-content\\\/uploads\\\/2019\\\/09\\\/left_content_image.png&quot;,&quot;id&quot;:490},&quot;pos_x&quot;:{&quot;unit&quot;:&quot;%&quot;,&quot;size&quot;:-5,&quot;sizes&quot;:[]},&quot;pos_y&quot;:{&quot;unit&quot;:&quot;%&quot;,&quot;size&quot;:25,&quot;sizes&quot;:[]},&quot;animation_iteration_count&quot;:null,&quot;parallax_speed&quot;:null,&quot;parallax_transform&quot;:&quot;translateX&quot;,&quot;parallax_transform_value&quot;:150,&quot;_id&quot;:&quot;d1f6533&quot;,&quot;item_source&quot;:&quot;image&quot;,&quot;shape&quot;:null,&quot;shape_color&quot;:null,&quot;width_type&quot;:&quot;&quot;,&quot;width_type_tablet&quot;:&quot;&quot;,&quot;width_type_mobile&quot;:&quot;&quot;,&quot;custom_width&quot;:null,&quot;custom_width_tablet&quot;:null,&quot;custom_width_mobile&quot;:null,&quot;source_rotate&quot;:{&quot;unit&quot;:&quot;deg&quot;,&quot;size&quot;:0,&quot;sizes&quot;:[]},&quot;source_rotate_tablet&quot;:{&quot;unit&quot;:&quot;px&quot;,&quot;size&quot;:&quot;&quot;,&quot;sizes&quot;:[]},&quot;source_rotate_mobile&quot;:{&quot;unit&quot;:&quot;px&quot;,&quot;size&quot;:&quot;&quot;,&quot;sizes&quot;:[]},&quot;parallax_blur_effect&quot;:{&quot;unit&quot;:&quot;px&quot;,&quot;size&quot;:0,&quot;sizes&quot;:[]},&quot;parallax_blur_effect_tablet&quot;:{&quot;unit&quot;:&quot;px&quot;,&quot;size&quot;:&quot;&quot;,&quot;sizes&quot;:[]},&quot;parallax_blur_effect_mobile&quot;:{&quot;unit&quot;:&quot;px&quot;,&quot;size&quot;:&quot;&quot;,&quot;sizes&quot;:[]},&quot;pos_x_tablet&quot;:{&quot;unit&quot;:&quot;px&quot;,&quot;size&quot;:&quot;&quot;,&quot;sizes&quot;:[]},&quot;pos_x_mobile&quot;:{&quot;unit&quot;:&quot;px&quot;,&quot;size&quot;:&quot;&quot;,&quot;sizes&quot;:[]},&quot;pos_y_tablet&quot;:{&quot;unit&quot;:&quot;px&quot;,&quot;size&quot;:&quot;&quot;,&quot;sizes&quot;:[]},&quot;pos_y_mobile&quot;:{&quot;unit&quot;:&quot;px&quot;,&quot;size&quot;:&quot;&quot;,&quot;sizes&quot;:[]},&quot;animation&quot;:null,&quot;animation_tablet&quot;:null,&quot;animation_mobile&quot;:null,&quot;item_opacity&quot;:&quot;1&quot;,&quot;animation_speed&quot;:null,&quot;animation_direction&quot;:null,&quot;smoothness&quot;:&quot;700&quot;,&quot;offsettop&quot;:&quot;0&quot;,&quot;offsetbottom&quot;:&quot;0&quot;,&quot;maxtilt&quot;:null,&quot;scale&quot;:null,&quot;disableaxis&quot;:null,&quot;zindex&quot;:&quot;2&quot;},{&quot;parallax_style&quot;:&quot;onscroll&quot;,&quot;image&quot;:{&quot;url&quot;:&quot;https:\\\/\\\/www.digital-words.com\\\/wp-content\\\/uploads\\\/2019\\\/09\\\/right_content_image.png&quot;,&quot;id&quot;:492},&quot;pos_x&quot;:{&quot;unit&quot;:&quot;%&quot;,&quot;size&quot;:80,&quot;sizes&quot;:[]},&quot;pos_y&quot;:{&quot;unit&quot;:&quot;%&quot;,&quot;size&quot;:-5,&quot;sizes&quot;:[]},&quot;animation_iteration_count&quot;:null,&quot;parallax_speed&quot;:null,&quot;parallax_transform&quot;:&quot;translateX&quot;,&quot;parallax_transform_value&quot;:-150,&quot;_id&quot;:&quot;f57974f&quot;,&quot;item_source&quot;:&quot;image&quot;,&quot;shape&quot;:null,&quot;shape_color&quot;:null,&quot;width_type&quot;:&quot;&quot;,&quot;width_type_tablet&quot;:&quot;&quot;,&quot;width_type_mobile&quot;:&quot;&quot;,&quot;custom_width&quot;:null,&quot;custom_width_tablet&quot;:null,&quot;custom_width_mobile&quot;:null,&quot;source_rotate&quot;:{&quot;unit&quot;:&quot;deg&quot;,&quot;size&quot;:0,&quot;sizes&quot;:[]},&quot;source_rotate_tablet&quot;:{&quot;unit&quot;:&quot;px&quot;,&quot;size&quot;:&quot;&quot;,&quot;sizes&quot;:[]},&quot;source_rotate_mobile&quot;:{&quot;unit&quot;:&quot;px&quot;,&quot;size&quot;:&quot;&quot;,&quot;sizes&quot;:[]},&quot;parallax_blur_effect&quot;:{&quot;unit&quot;:&quot;px&quot;,&quot;size&quot;:0,&quot;sizes&quot;:[]},&quot;parallax_blur_effect_tablet&quot;:{&quot;unit&quot;:&quot;px&quot;,&quot;size&quot;:&quot;&quot;,&quot;sizes&quot;:[]},&quot;parallax_blur_effect_mobile&quot;:{&quot;unit&quot;:&quot;px&quot;,&quot;size&quot;:&quot;&quot;,&quot;sizes&quot;:[]},&quot;pos_x_tablet&quot;:{&quot;unit&quot;:&quot;px&quot;,&quot;size&quot;:&quot;&quot;,&quot;sizes&quot;:[]},&quot;pos_x_mobile&quot;:{&quot;unit&quot;:&quot;px&quot;,&quot;size&quot;:&quot;&quot;,&quot;sizes&quot;:[]},&quot;pos_y_tablet&quot;:{&quot;unit&quot;:&quot;px&quot;,&quot;size&quot;:&quot;&quot;,&quot;sizes&quot;:[]},&quot;pos_y_mobile&quot;:{&quot;unit&quot;:&quot;px&quot;,&quot;size&quot;:&quot;&quot;,&quot;sizes&quot;:[]},&quot;animation&quot;:null,&quot;animation_tablet&quot;:null,&quot;animation_mobile&quot;:null,&quot;item_opacity&quot;:&quot;1&quot;,&quot;animation_speed&quot;:null,&quot;animation_direction&quot;:null,&quot;smoothness&quot;:&quot;700&quot;,&quot;offsettop&quot;:&quot;0&quot;,&quot;offsetbottom&quot;:&quot;0&quot;,&quot;maxtilt&quot;:null,&quot;scale&quot;:null,&quot;disableaxis&quot;:null,&quot;zindex&quot;:&quot;2&quot;}]}\">\n\t\t\t\t\t\t<div class=\"elementor-container elementor-column-gap-default\">\n\t\t\t\t\t\t\t<div class=\"elementor-row\">\n\t\t\t\t\t<div class=\"elementor-column elementor-col-100 elementor-top-column elementor-element elementor-element-f71aa93\" data-id=\"f71aa93\" data-element_type=\"column\" data-settings=\"{&quot;background_background&quot;:&quot;classic&quot;}\">\n\t\t\t<div class=\"elementor-column-wrap elementor-element-populated\">\n\t\t\t\t\t\t\t<div class=\"elementor-widget-wrap\">\n\t\t\t\t\t\t<div class=\"elementor-element elementor-element-cff2fdf elementor-widget elementor-widget-elementskit-heading\" data-id=\"cff2fdf\" data-element_type=\"widget\" data-settings=\"{&quot;ekit_we_effect_on&quot;:&quot;none&quot;}\" data-widget_type=\"elementskit-heading.default\">\n\t\t\t\t<div class=\"elementor-widget-container\">\n\t\t\t<div class=\"ekit-wid-con\" ><div class=\"elementskit-section-title-wraper text_center   ekit_heading_tablet-   ekit_heading_mobile-\"><h2 class=\"elementskit-section-title \">\n\t\t\t\t\tHemen \u0130leti\u015fime Ge\u00e7in \n\t\t\t\t<\/h2><\/div><\/div>\t\t<\/div>\n\t\t\t\t<\/div>\n\t\t\t\t<section class=\"elementor-section elementor-inner-section elementor-element elementor-element-f116657 elementor-section-height-min-height elementor-section-content-middle elementor-section-boxed elementor-section-height-default\" data-id=\"f116657\" data-element_type=\"section\">\n\t\t\t\t\t\t<div class=\"elementor-container elementor-column-gap-default\">\n\t\t\t\t\t\t\t<div class=\"elementor-row\">\n\t\t\t\t\t<div class=\"elementor-column elementor-col-100 elementor-inner-column elementor-element elementor-element-bda483e\" data-id=\"bda483e\" data-element_type=\"column\">\n\t\t\t<div class=\"elementor-column-wrap elementor-element-populated\">\n\t\t\t\t\t\t\t<div class=\"elementor-widget-wrap\">\n\t\t\t\t\t\t<div class=\"elementor-element elementor-element-13f8267 elementor-widget elementor-widget-elementskit-creative-button\" data-id=\"13f8267\" data-element_type=\"widget\" data-settings=\"{&quot;ekit_we_effect_on&quot;:&quot;none&quot;}\" data-widget_type=\"elementskit-creative-button.default\">\n\t\t\t\t<div class=\"elementor-widget-container\">\n\t\t\t<div class=\"ekit-wid-con\" >\t\t<div class=\"ekit-btn-wraper\">\n\t\t\t\t\t\t\t\t<a href=\"https:\/\/www.digital-words.com\/contact\/\" target=\"_blank\" rel=\"nofollow\" data-text=\"\" class=\"ekit_creative_button ekit_wayra \" >\n\n\t\t\t\t\t\t\n\t\t\t\t\t\t<span class=\"ekit_creative_button_text\">Bize Ula\u015f\u0131n<\/span>\n\n\t\t\t\t\t\t\t\t\t\t\t\t\t<i aria-hidden=\"true\" class=\"ekit_creative_button_icon_before fasicon icon-arrow-right\"><\/i>\n\t\t\t\t\t\t\n\t\t\t\t\t\t\t\t\t\t\t<\/a>\n\t\t\t\t\t\t<\/div>\n        <\/div>\t\t<\/div>\n\t\t\t\t<\/div>\n\t\t\t\t\t\t<\/div>\n\t\t\t\t\t<\/div>\n\t\t<\/div>\n\t\t\t\t\t\t\t\t<\/div>\n\t\t\t\t\t<\/div>\n\t\t<\/section>\n\t\t\t\t\t\t<\/div>\n\t\t\t\t\t<\/div>\n\t\t<\/div>\n\t\t\t\t\t\t\t\t<\/div>\n\t\t\t\t\t<\/div>\n\t\t<\/section>\n\t\t\t\t\t\t<\/div>\n\t\t\t\t\t\t<\/div>\n\t\t\t\t\t<\/div>\n\t\t","protected":false},"excerpt":{"rendered":"<p>Facebook ,Instagram, Twitter and Linkedin Ads Social media platforms subscribed by almost everyone who has internet access in today\u2019s world are getting more and more inviting for enterprises due to the involved target mass. Used by individuals from all the segments of the society, social media platforms offer detailed targeting choices by analysing the age, [&hellip;]<\/p>\n","protected":false},"author":1,"featured_media":0,"parent":0,"menu_order":0,"comment_status":"closed","ping_status":"closed","template":"template\/full-width-template.php","meta":[],"_links":{"self":[{"href":"https:\/\/www.digital-words.com\/en\/wp-json\/wp\/v2\/pages\/7180"}],"collection":[{"href":"https:\/\/www.digital-words.com\/en\/wp-json\/wp\/v2\/pages"}],"about":[{"href":"https:\/\/www.digital-words.com\/en\/wp-json\/wp\/v2\/types\/page"}],"author":[{"embeddable":true,"href":"https:\/\/www.digital-words.com\/en\/wp-json\/wp\/v2\/users\/1"}],"replies":[{"embeddable":true,"href":"https:\/\/www.digital-words.com\/en\/wp-json\/wp\/v2\/comments?post=7180"}],"version-history":[{"count":3,"href":"https:\/\/www.digital-words.com\/en\/wp-json\/wp\/v2\/pages\/7180\/revisions"}],"predecessor-version":[{"id":7312,"href":"https:\/\/www.digital-words.com\/en\/wp-json\/wp\/v2\/pages\/7180\/revisions\/7312"}],"wp:attachment":[{"href":"https:\/\/www.digital-words.com\/en\/wp-json\/wp\/v2\/media?parent=7180"}],"curies":[{"name":"wp","href":"https:\/\/api.w.org\/{rel}","templated":true}]}}