{"id":7165,"date":"2019-09-02T06:32:34","date_gmt":"2019-09-02T06:32:34","guid":{"rendered":"https:\/\/www.digital-words.com\/hakkimizda\/"},"modified":"2019-09-02T06:32:34","modified_gmt":"2019-09-02T06:32:34","slug":"hakkimizda","status":"publish","type":"page","link":"https:\/\/www.digital-words.com\/en\/hakkimizda\/","title":{"rendered":"Hakk\u0131m\u0131zda"},"content":{"rendered":"\t\t<div data-elementor-type=\"wp-post\" data-elementor-id=\"7165\" class=\"elementor elementor-7165\" data-elementor-settings=\"[]\">\n\t\t\t\t\t\t<div class=\"elementor-inner\">\n\t\t\t\t\t\t\t<div class=\"elementor-section-wrap\">\n\t\t\t\t\t\t\t<section class=\"elementor-section elementor-top-section elementor-element elementor-element-3e75c95 elementor-section-boxed elementor-section-height-default elementor-section-height-default\" data-id=\"3e75c95\" data-element_type=\"section\">\n\t\t\t\t\t\t<div class=\"elementor-container elementor-column-gap-default\">\n\t\t\t\t\t\t\t<div class=\"elementor-row\">\n\t\t\t\t\t<div class=\"elementor-column elementor-col-100 elementor-top-column elementor-element elementor-element-d02e2c7\" data-id=\"d02e2c7\" data-element_type=\"column\">\n\t\t\t<div class=\"elementor-column-wrap elementor-element-populated\">\n\t\t\t\t\t\t\t<div class=\"elementor-widget-wrap\">\n\t\t\t\t\t\t<div class=\"elementor-element elementor-element-351fe00 elementor-widget elementor-widget-elementskit-video\" data-id=\"351fe00\" data-element_type=\"widget\" data-settings=\"{&quot;ekit_we_effect_on&quot;:&quot;none&quot;}\" data-widget_type=\"elementskit-video.default\">\n\t\t\t\t<div class=\"elementor-widget-container\">\n\t\t\t<div class=\"ekit-wid-con\" >\t\t\t<div class=\"video-content\">\n                <a href=\"?autoplay=yes&#038;loop=no&#038;controls=no&#038;mute=no&#038;start=0&#038;end=&#038;version=3\" class=\"ekit-video-popup ekit-video-popup-btn ekit_icon_button glow-btn\">\n\t\t\t\t\t\t\t\t\t\t\t\t\t\t\t                <\/a>\n            <\/div>\n\t\t<\/div>\t\t<\/div>\n\t\t\t\t<\/div>\n\t\t\t\t<section class=\"elementor-section elementor-inner-section elementor-element elementor-element-e597fa1 elementor-section-height-min-height elementor-section-boxed elementor-section-height-default\" data-id=\"e597fa1\" data-element_type=\"section\">\n\t\t\t\t\t\t<div class=\"elementor-container elementor-column-gap-default\">\n\t\t\t\t\t\t\t<div class=\"elementor-row\">\n\t\t\t\t\t<div class=\"elementor-column elementor-col-50 elementor-inner-column elementor-element elementor-element-0ffca5d\" data-id=\"0ffca5d\" data-element_type=\"column\" data-settings=\"{&quot;background_background&quot;:&quot;classic&quot;}\">\n\t\t\t<div class=\"elementor-column-wrap elementor-element-populated\">\n\t\t\t\t\t\t\t<div class=\"elementor-widget-wrap\">\n\t\t\t\t\t\t<div class=\"elementor-element elementor-element-66a7e11 sassico-video-memphis-zindex-1 elementor-absolute elementor-widget__width-auto elementor-hidden-tablet elementor-hidden-phone elementor-widget elementor-widget-image\" data-id=\"66a7e11\" data-element_type=\"widget\" data-settings=\"{&quot;ekit_we_effect_on&quot;:&quot;onscroll&quot;,&quot;ekit_we_scroll_animation_value&quot;:-150,&quot;_position&quot;:&quot;absolute&quot;,&quot;ekit_we_on_test_mode&quot;:&quot;on&quot;,&quot;ekit_we_scroll_animation&quot;:&quot;translateY&quot;,&quot;ekit_we_scroll_smoothness&quot;:700,&quot;ekit_we_scroll_offsettop&quot;:0,&quot;ekit_we_scroll_offsetbottom&quot;:0}\" data-widget_type=\"image.default\">\n\t\t\t\t<div class=\"elementor-widget-container\">\n\t\t\t\t\t<div class=\"elementor-image\">\n\t\t\t\t\t\t\t\t\t\t<img width=\"179\" height=\"179\" src=\"https:\/\/www.digital-words.com\/wp-content\/uploads\/2019\/09\/dot-img.png\" class=\"attachment-large size-large\" alt=\"\" loading=\"lazy\" srcset=\"https:\/\/www.digital-words.com\/wp-content\/uploads\/2019\/09\/dot-img.png 179w, https:\/\/www.digital-words.com\/wp-content\/uploads\/2019\/09\/dot-img-150x150.png 150w\" sizes=\"(max-width: 179px) 100vw, 179px\" \/>\t\t\t\t\t\t\t\t\t\t\t<\/div>\n\t\t\t\t<\/div>\n\t\t\t\t<\/div>\n\t\t\t\t<div class=\"elementor-element elementor-element-1b06250 sassico-video-memphis-zindex-1 elementor-absolute elementor-hidden-tablet elementor-hidden-phone elementor-widget elementor-widget-image\" data-id=\"1b06250\" data-element_type=\"widget\" data-settings=\"{&quot;ekit_we_effect_on&quot;:&quot;css&quot;,&quot;_position&quot;:&quot;absolute&quot;}\" data-widget_type=\"image.default\">\n\t\t\t\t<div class=\"elementor-widget-container\">\n\t\t\t\t\t<div class=\"elementor-image\">\n\t\t\t\t\t\t\t\t\t\t<img width=\"359\" height=\"266\" src=\"https:\/\/www.digital-words.com\/wp-content\/uploads\/2019\/09\/bg-shape-img.png\" class=\"attachment-large size-large\" alt=\"\" loading=\"lazy\" srcset=\"https:\/\/www.digital-words.com\/wp-content\/uploads\/2019\/09\/bg-shape-img.png 359w, https:\/\/www.digital-words.com\/wp-content\/uploads\/2019\/09\/bg-shape-img-300x222.png 300w\" sizes=\"(max-width: 359px) 100vw, 359px\" \/>\t\t\t\t\t\t\t\t\t\t\t<\/div>\n\t\t\t\t<\/div>\n\t\t\t\t<\/div>\n\t\t\t\t<div class=\"elementor-element elementor-element-feb7934 sassico-video-memphis-zindex-1 elementor-absolute elementor-widget__width-initial elementor-hidden-tablet elementor-hidden-phone elementor-widget elementor-widget-image\" data-id=\"feb7934\" data-element_type=\"widget\" data-settings=\"{&quot;ekit_we_effect_on&quot;:&quot;css&quot;,&quot;_position&quot;:&quot;absolute&quot;}\" data-widget_type=\"image.default\">\n\t\t\t\t<div class=\"elementor-widget-container\">\n\t\t\t\t\t<div class=\"elementor-image\">\n\t\t\t\t\t\t\t\t\t\t<img width=\"606\" height=\"578\" src=\"https:\/\/www.digital-words.com\/wp-content\/uploads\/2019\/10\/abiut-video-shape.png\" class=\"attachment-large size-large\" alt=\"\" loading=\"lazy\" srcset=\"https:\/\/www.digital-words.com\/wp-content\/uploads\/2019\/10\/abiut-video-shape.png 606w, https:\/\/www.digital-words.com\/wp-content\/uploads\/2019\/10\/abiut-video-shape-300x286.png 300w\" sizes=\"(max-width: 606px) 100vw, 606px\" \/>\t\t\t\t\t\t\t\t\t\t\t<\/div>\n\t\t\t\t<\/div>\n\t\t\t\t<\/div>\n\t\t\t\t\t\t<\/div>\n\t\t\t\t\t<\/div>\n\t\t<\/div>\n\t\t\t\t<div class=\"elementor-column elementor-col-50 elementor-inner-column elementor-element elementor-element-a3c64df\" data-id=\"a3c64df\" data-element_type=\"column\">\n\t\t\t<div class=\"elementor-column-wrap elementor-element-populated\">\n\t\t\t\t\t\t\t<div class=\"elementor-widget-wrap\">\n\t\t\t\t\t\t<div class=\"elementor-element elementor-element-bbd1197 elementor-widget elementor-widget-elementskit-heading\" data-id=\"bbd1197\" data-element_type=\"widget\" data-settings=\"{&quot;ekit_we_effect_on&quot;:&quot;none&quot;}\" data-widget_type=\"elementskit-heading.default\">\n\t\t\t\t<div class=\"elementor-widget-container\">\n\t\t\t<div class=\"ekit-wid-con\" ><div class=\"elementskit-section-title-wraper text_left   ekit_heading_tablet-   ekit_heading_mobile-\"><h2 class=\"elementskit-section-subtitle  \">Hakk\u0131m\u0131zda<\/h2><p>Digital Words, i\u015fletmenize \u00f6zel pazarlama stratejileriyle dijital mecralarda marka bilinirli\u011finizi ve sat\u0131\u015flar\u0131n\u0131z\u0131 artt\u0131rmay\u0131 hedefleyen, kurumsal kimli\u011finize uygun web tasar\u0131m ve yaz\u0131l\u0131m geli\u015ftiren, 360\u00b0 dijital pazarlama \u00e7\u00f6z\u00fcmleri sunan,\u00a0 \u015feffaf ve m\u00fc\u015fteri odakl\u0131 \u00e7al\u0131\u015fma y\u00f6ntemini benimsemi\u015f bir performans ajans\u0131d\u0131r.<\/p>\n<p>\u00a0<\/p>\n<p>Markan\u0131n ya da b\u00fct\u00e7enin b\u00fcy\u00fckl\u00fc\u011f\u00fcne g\u00f6re hizmet anlay\u0131\u015f\u0131n\u0131 de\u011fi\u015ftirmeden, i\u015fin ba\u015f\u0131ndan sonuna kadar ayn\u0131 \u00f6zen ve disiplinle \u00e7al\u0131\u015fmay\u0131 taah\u00fct eden, her zaman ula\u015f\u0131labilir, lokasyonunuzdan ba\u011f\u0131ms\u0131z olarak hizmet verecek bir dijital \u00e7\u00f6z\u00fcm orta\u011f\u0131n\u0131z olmak en b\u00fcy\u00fck amac\u0131m\u0131zd\u0131r.<\/p>\n<p>\u00a0<\/p>\n<p>Her biri alan\u0131nda uzman ve sertifikal\u0131 ekibimizle markan\u0131z i\u00e7in dijital d\u00fcnyada fark yaratmaktan memnuniyet duyar\u0131z.<\/p>\n<p>\u00a0<\/p>\n<p>\u00a0<\/p>\n<p>\u00a0<\/p>\n<p><em>\u00a0<\/em><\/p>\n<\/div><\/div>\t\t<\/div>\n\t\t\t\t<\/div>\n\t\t\t\t\t\t<\/div>\n\t\t\t\t\t<\/div>\n\t\t<\/div>\n\t\t\t\t\t\t\t\t<\/div>\n\t\t\t\t\t<\/div>\n\t\t<\/section>\n\t\t\t\t\t\t<\/div>\n\t\t\t\t\t<\/div>\n\t\t<\/div>\n\t\t\t\t\t\t\t\t<\/div>\n\t\t\t\t\t<\/div>\n\t\t<\/section>\n\t\t\t\t<section class=\"elementor-section elementor-top-section elementor-element elementor-element-1af1d06 elementor-section-boxed elementor-section-height-default elementor-section-height-default\" data-id=\"1af1d06\" data-element_type=\"section\">\n\t\t\t\t\t\t<div class=\"elementor-container elementor-column-gap-default\">\n\t\t\t\t\t\t\t<div class=\"elementor-row\">\n\t\t\t\t\t<div class=\"elementor-column elementor-col-100 elementor-top-column elementor-element elementor-element-1fad422\" data-id=\"1fad422\" data-element_type=\"column\">\n\t\t\t<div class=\"elementor-column-wrap elementor-element-populated\">\n\t\t\t\t\t\t\t<div class=\"elementor-widget-wrap\">\n\t\t\t\t\t\t<div class=\"elementor-element elementor-element-d7f6e74 elementor-widget elementor-widget-elementskit-client-logo\" data-id=\"d7f6e74\" data-element_type=\"widget\" data-settings=\"{&quot;ekit_we_effect_on&quot;:&quot;none&quot;}\" data-widget_type=\"elementskit-client-logo.default\">\n\t\t\t\t<div class=\"elementor-widget-container\">\n\t\t\t<div class=\"ekit-wid-con\" >\n        <div class=\"elementskit-clients-slider simple_logo_image\" data-slidestoshow=\"5\" data-slidestoshowtablet=\"2\" data-slidestoshowmobile=\"1\" data-slidestoscroll=\"1\" data-slidesToScroll_tablet=\"1\" data-slidesToScroll_mobile=\"1\" data-speed=\"8000\" data-autoplay=\"yes\" data-show_arrow=\"\" data-show_dot=\"\" data-left_icon=\"\" data-right_icon=\"\" data-pause_on_hover=\"yes\" data-rows=\"1\" data-direction=\"\" data-rtl=\"\">\n\n                            <div class=\"elementskit-client-slider-item \">\n                    <div class=\"single-client image-switcher\" title=\"Title #1\">\n                        \n                            <div class=\"content-image\">\n\n                                <img src=\"https:\/\/www.digital-words.com\/wp-content\/uploads\/2021\/02\/logo@2x.png\" alt=\"logo@2x\" class=\"\">\n                                                            <\/div>\n\n                        \n                    <\/div>\n                <\/div>\n\n                            <div class=\"elementskit-client-slider-item \">\n                    <div class=\"single-client image-switcher\" title=\"Title #2\">\n                        \n                            <div class=\"content-image\">\n\n                                <img src=\"https:\/\/www.digital-words.com\/wp-content\/uploads\/2021\/02\/logo2-orion-engineering.png\" alt=\"logo2-orion-engineering\" class=\"\">\n                                                            <\/div>\n\n                        \n                    <\/div>\n                <\/div>\n\n                            <div class=\"elementskit-client-slider-item \">\n                    <div class=\"single-client image-switcher\" title=\"Title #3\">\n                        \n                            <div class=\"content-image\">\n\n                                <img src=\"https:\/\/www.digital-words.com\/wp-content\/uploads\/2021\/02\/logo-bebevera.png\" alt=\"logo-bebevera\" class=\"\">\n                                                            <\/div>\n\n                        \n                    <\/div>\n                <\/div>\n\n                            <div class=\"elementskit-client-slider-item \">\n                    <div class=\"single-client image-switcher\" title=\"Title #4\">\n                        \n                            <div class=\"content-image\">\n\n                                <img src=\"https:\/\/www.digital-words.com\/wp-content\/uploads\/2021\/02\/sardes_logo-687x727-1.png\" alt=\"sardes_logo-687x727\" class=\"\">\n                                                            <\/div>\n\n                        \n                    <\/div>\n                <\/div>\n\n                            <div class=\"elementskit-client-slider-item \">\n                    <div class=\"single-client image-switcher\" title=\"Title #5\">\n                        \n                            <div class=\"content-image\">\n\n                                <img src=\"https:\/\/www.digital-words.com\/wp-content\/uploads\/2021\/02\/logo_01.png\" alt=\"logo_01\" class=\"\">\n                                                            <\/div>\n\n                        \n                    <\/div>\n                <\/div>\n\n                            <div class=\"elementskit-client-slider-item \">\n                    <div class=\"single-client image-switcher\" title=\"Title #1\">\n                        \n                            <div class=\"content-image\">\n\n                                <img src=\"https:\/\/www.digital-words.com\/wp-content\/uploads\/2021\/02\/logo@2x.png\" alt=\"logo@2x\" class=\"\">\n                                                            <\/div>\n\n                        \n                    <\/div>\n                <\/div>\n\n                            <div class=\"elementskit-client-slider-item \">\n                    <div class=\"single-client image-switcher\" title=\"Title #2\">\n                        \n                            <div class=\"content-image\">\n\n                                <img src=\"https:\/\/www.digital-words.com\/wp-content\/uploads\/2021\/02\/logo2-orion-engineering.png\" alt=\"logo2-orion-engineering\" class=\"\">\n                                                            <\/div>\n\n                        \n                    <\/div>\n                <\/div>\n\n                            <div class=\"elementskit-client-slider-item \">\n                    <div class=\"single-client image-switcher\" title=\"Title #3\">\n                        \n                            <div class=\"content-image\">\n\n                                <img src=\"https:\/\/www.digital-words.com\/wp-content\/uploads\/2021\/02\/logo-bebevera.png\" alt=\"logo-bebevera\" class=\"\">\n                                                            <\/div>\n\n                        \n                    <\/div>\n                <\/div>\n\n                            <div class=\"elementskit-client-slider-item \">\n                    <div class=\"single-client image-switcher\" title=\"Title #4\">\n                        \n                            <div class=\"content-image\">\n\n                                <img src=\"https:\/\/www.digital-words.com\/wp-content\/uploads\/2021\/02\/sardes_logo-687x727-1.png\" alt=\"sardes_logo-687x727\" class=\"\">\n                                                            <\/div>\n\n                        \n                    <\/div>\n                <\/div>\n\n                            <div class=\"elementskit-client-slider-item \">\n                    <div class=\"single-client image-switcher\" title=\"Title #5\">\n                        \n                            <div class=\"content-image\">\n\n                                <img src=\"https:\/\/www.digital-words.com\/wp-content\/uploads\/2021\/02\/logo_01.png\" alt=\"logo_01\" class=\"\">\n                                                            <\/div>\n\n                        \n                    <\/div>\n                <\/div>\n\n            \n        <\/div><!-- .elementskit-clients-slider END -->\n\n   <\/div>\t\t<\/div>\n\t\t\t\t<\/div>\n\t\t\t\t<div class=\"elementor-element elementor-element-1efd9e3 elementor-widget elementor-widget-elementskit-button\" data-id=\"1efd9e3\" data-element_type=\"widget\" data-settings=\"{&quot;ekit_we_effect_on&quot;:&quot;none&quot;}\" data-widget_type=\"elementskit-button.default\">\n\t\t\t\t<div class=\"elementor-widget-container\">\n\t\t\t<div class=\"ekit-wid-con\" >\t\t<div class=\"ekit-btn-wraper\">\n\t\t\t\t\t\t\t<a  class=\"elementskit-btn \" >\n\t\t\t\t\tReferanslar\u0131m\u0131z\n\t\t\t\t\t\n\t\t\t\t<\/a>\n\t\t\t\t\t\t<\/div>\n        <\/div>\t\t<\/div>\n\t\t\t\t<\/div>\n\t\t\t\t\t\t<\/div>\n\t\t\t\t\t<\/div>\n\t\t<\/div>\n\t\t\t\t\t\t\t\t<\/div>\n\t\t\t\t\t<\/div>\n\t\t<\/section>\n\t\t\t\t<section class=\"elementor-section elementor-top-section elementor-element elementor-element-b8246d2 elementor-section-full_width elementor-section-height-default elementor-section-height-default\" data-id=\"b8246d2\" data-element_type=\"section\" data-settings=\"{&quot;background_background&quot;:&quot;classic&quot;,&quot;ekit_section_parallax_multi&quot;:&quot;yes&quot;,&quot;ekit_section_parallax_multi_items&quot;:[{&quot;parallax_style&quot;:&quot;onscroll&quot;,&quot;image&quot;:{&quot;url&quot;:&quot;https:\\\/\\\/www.digital-words.com\\\/wp-content\\\/uploads\\\/2019\\\/09\\\/left_content_image.png&quot;,&quot;id&quot;:490},&quot;pos_x&quot;:{&quot;unit&quot;:&quot;%&quot;,&quot;size&quot;:-5,&quot;sizes&quot;:[]},&quot;pos_y&quot;:{&quot;unit&quot;:&quot;%&quot;,&quot;size&quot;:25,&quot;sizes&quot;:[]},&quot;animation_iteration_count&quot;:null,&quot;parallax_speed&quot;:null,&quot;parallax_transform&quot;:&quot;translateX&quot;,&quot;parallax_transform_value&quot;:150,&quot;_id&quot;:&quot;d1f6533&quot;,&quot;item_source&quot;:&quot;image&quot;,&quot;shape&quot;:null,&quot;shape_color&quot;:null,&quot;width_type&quot;:&quot;&quot;,&quot;width_type_tablet&quot;:&quot;&quot;,&quot;width_type_mobile&quot;:&quot;&quot;,&quot;custom_width&quot;:null,&quot;custom_width_tablet&quot;:null,&quot;custom_width_mobile&quot;:null,&quot;source_rotate&quot;:{&quot;unit&quot;:&quot;deg&quot;,&quot;size&quot;:0,&quot;sizes&quot;:[]},&quot;source_rotate_tablet&quot;:{&quot;unit&quot;:&quot;px&quot;,&quot;size&quot;:&quot;&quot;,&quot;sizes&quot;:[]},&quot;source_rotate_mobile&quot;:{&quot;unit&quot;:&quot;px&quot;,&quot;size&quot;:&quot;&quot;,&quot;sizes&quot;:[]},&quot;parallax_blur_effect&quot;:{&quot;unit&quot;:&quot;px&quot;,&quot;size&quot;:0,&quot;sizes&quot;:[]},&quot;parallax_blur_effect_tablet&quot;:{&quot;unit&quot;:&quot;px&quot;,&quot;size&quot;:&quot;&quot;,&quot;sizes&quot;:[]},&quot;parallax_blur_effect_mobile&quot;:{&quot;unit&quot;:&quot;px&quot;,&quot;size&quot;:&quot;&quot;,&quot;sizes&quot;:[]},&quot;pos_x_tablet&quot;:{&quot;unit&quot;:&quot;px&quot;,&quot;size&quot;:&quot;&quot;,&quot;sizes&quot;:[]},&quot;pos_x_mobile&quot;:{&quot;unit&quot;:&quot;px&quot;,&quot;size&quot;:&quot;&quot;,&quot;sizes&quot;:[]},&quot;pos_y_tablet&quot;:{&quot;unit&quot;:&quot;px&quot;,&quot;size&quot;:&quot;&quot;,&quot;sizes&quot;:[]},&quot;pos_y_mobile&quot;:{&quot;unit&quot;:&quot;px&quot;,&quot;size&quot;:&quot;&quot;,&quot;sizes&quot;:[]},&quot;animation&quot;:null,&quot;animation_tablet&quot;:null,&quot;animation_mobile&quot;:null,&quot;item_opacity&quot;:&quot;1&quot;,&quot;animation_speed&quot;:null,&quot;animation_direction&quot;:null,&quot;smoothness&quot;:&quot;700&quot;,&quot;offsettop&quot;:&quot;0&quot;,&quot;offsetbottom&quot;:&quot;0&quot;,&quot;maxtilt&quot;:null,&quot;scale&quot;:null,&quot;disableaxis&quot;:null,&quot;zindex&quot;:&quot;2&quot;},{&quot;parallax_style&quot;:&quot;onscroll&quot;,&quot;image&quot;:{&quot;url&quot;:&quot;https:\\\/\\\/www.digital-words.com\\\/wp-content\\\/uploads\\\/2019\\\/09\\\/right_content_image.png&quot;,&quot;id&quot;:492},&quot;pos_x&quot;:{&quot;unit&quot;:&quot;%&quot;,&quot;size&quot;:80,&quot;sizes&quot;:[]},&quot;pos_y&quot;:{&quot;unit&quot;:&quot;%&quot;,&quot;size&quot;:-5,&quot;sizes&quot;:[]},&quot;animation_iteration_count&quot;:null,&quot;parallax_speed&quot;:null,&quot;parallax_transform&quot;:&quot;translateX&quot;,&quot;parallax_transform_value&quot;:-150,&quot;_id&quot;:&quot;f57974f&quot;,&quot;item_source&quot;:&quot;image&quot;,&quot;shape&quot;:null,&quot;shape_color&quot;:null,&quot;width_type&quot;:&quot;&quot;,&quot;width_type_tablet&quot;:&quot;&quot;,&quot;width_type_mobile&quot;:&quot;&quot;,&quot;custom_width&quot;:null,&quot;custom_width_tablet&quot;:null,&quot;custom_width_mobile&quot;:null,&quot;source_rotate&quot;:{&quot;unit&quot;:&quot;deg&quot;,&quot;size&quot;:0,&quot;sizes&quot;:[]},&quot;source_rotate_tablet&quot;:{&quot;unit&quot;:&quot;px&quot;,&quot;size&quot;:&quot;&quot;,&quot;sizes&quot;:[]},&quot;source_rotate_mobile&quot;:{&quot;unit&quot;:&quot;px&quot;,&quot;size&quot;:&quot;&quot;,&quot;sizes&quot;:[]},&quot;parallax_blur_effect&quot;:{&quot;unit&quot;:&quot;px&quot;,&quot;size&quot;:0,&quot;sizes&quot;:[]},&quot;parallax_blur_effect_tablet&quot;:{&quot;unit&quot;:&quot;px&quot;,&quot;size&quot;:&quot;&quot;,&quot;sizes&quot;:[]},&quot;parallax_blur_effect_mobile&quot;:{&quot;unit&quot;:&quot;px&quot;,&quot;size&quot;:&quot;&quot;,&quot;sizes&quot;:[]},&quot;pos_x_tablet&quot;:{&quot;unit&quot;:&quot;px&quot;,&quot;size&quot;:&quot;&quot;,&quot;sizes&quot;:[]},&quot;pos_x_mobile&quot;:{&quot;unit&quot;:&quot;px&quot;,&quot;size&quot;:&quot;&quot;,&quot;sizes&quot;:[]},&quot;pos_y_tablet&quot;:{&quot;unit&quot;:&quot;px&quot;,&quot;size&quot;:&quot;&quot;,&quot;sizes&quot;:[]},&quot;pos_y_mobile&quot;:{&quot;unit&quot;:&quot;px&quot;,&quot;size&quot;:&quot;&quot;,&quot;sizes&quot;:[]},&quot;animation&quot;:null,&quot;animation_tablet&quot;:null,&quot;animation_mobile&quot;:null,&quot;item_opacity&quot;:&quot;1&quot;,&quot;animation_speed&quot;:null,&quot;animation_direction&quot;:null,&quot;smoothness&quot;:&quot;700&quot;,&quot;offsettop&quot;:&quot;0&quot;,&quot;offsetbottom&quot;:&quot;0&quot;,&quot;maxtilt&quot;:null,&quot;scale&quot;:null,&quot;disableaxis&quot;:null,&quot;zindex&quot;:&quot;2&quot;}]}\">\n\t\t\t\t\t\t<div class=\"elementor-container elementor-column-gap-default\">\n\t\t\t\t\t\t\t<div class=\"elementor-row\">\n\t\t\t\t\t<div class=\"elementor-column elementor-col-100 elementor-top-column elementor-element elementor-element-f71aa93\" data-id=\"f71aa93\" data-element_type=\"column\" data-settings=\"{&quot;background_background&quot;:&quot;classic&quot;}\">\n\t\t\t<div class=\"elementor-column-wrap elementor-element-populated\">\n\t\t\t\t\t\t\t<div class=\"elementor-widget-wrap\">\n\t\t\t\t\t\t<div class=\"elementor-element elementor-element-cff2fdf elementor-widget elementor-widget-elementskit-heading\" data-id=\"cff2fdf\" data-element_type=\"widget\" data-settings=\"{&quot;ekit_we_effect_on&quot;:&quot;none&quot;}\" data-widget_type=\"elementskit-heading.default\">\n\t\t\t\t<div class=\"elementor-widget-container\">\n\t\t\t<div class=\"ekit-wid-con\" ><div class=\"elementskit-section-title-wraper text_center   ekit_heading_tablet-   ekit_heading_mobile-\"><h2 class=\"elementskit-section-title \">\n\t\t\t\t\tHemen \u0130leti\u015fime Ge\u00e7in \n\t\t\t\t<\/h2><\/div><\/div>\t\t<\/div>\n\t\t\t\t<\/div>\n\t\t\t\t<section class=\"elementor-section elementor-inner-section elementor-element elementor-element-f116657 elementor-section-height-min-height elementor-section-content-middle elementor-section-boxed elementor-section-height-default\" data-id=\"f116657\" data-element_type=\"section\">\n\t\t\t\t\t\t<div class=\"elementor-container elementor-column-gap-default\">\n\t\t\t\t\t\t\t<div class=\"elementor-row\">\n\t\t\t\t\t<div class=\"elementor-column elementor-col-100 elementor-inner-column elementor-element elementor-element-bda483e\" data-id=\"bda483e\" data-element_type=\"column\">\n\t\t\t<div class=\"elementor-column-wrap elementor-element-populated\">\n\t\t\t\t\t\t\t<div class=\"elementor-widget-wrap\">\n\t\t\t\t\t\t<div class=\"elementor-element elementor-element-13f8267 elementor-widget elementor-widget-elementskit-creative-button\" data-id=\"13f8267\" data-element_type=\"widget\" data-settings=\"{&quot;ekit_we_effect_on&quot;:&quot;none&quot;}\" data-widget_type=\"elementskit-creative-button.default\">\n\t\t\t\t<div class=\"elementor-widget-container\">\n\t\t\t<div class=\"ekit-wid-con\" >\t\t<div class=\"ekit-btn-wraper\">\n\t\t\t\t\t\t\t\t<a href=\"https:\/\/www.digital-words.com\/contact\/\" target=\"_blank\" rel=\"nofollow\" data-text=\"\" class=\"ekit_creative_button ekit_wayra \" >\n\n\t\t\t\t\t\t\n\t\t\t\t\t\t<span class=\"ekit_creative_button_text\">bize ula\u015f\u0131n<\/span>\n\n\t\t\t\t\t\t\t\t\t\t\t\t\t<i aria-hidden=\"true\" class=\"ekit_creative_button_icon_before fasicon icon-arrow-right\"><\/i>\n\t\t\t\t\t\t\n\t\t\t\t\t\t\t\t\t\t\t<\/a>\n\t\t\t\t\t\t<\/div>\n        <\/div>\t\t<\/div>\n\t\t\t\t<\/div>\n\t\t\t\t\t\t<\/div>\n\t\t\t\t\t<\/div>\n\t\t<\/div>\n\t\t\t\t\t\t\t\t<\/div>\n\t\t\t\t\t<\/div>\n\t\t<\/section>\n\t\t\t\t\t\t<\/div>\n\t\t\t\t\t<\/div>\n\t\t<\/div>\n\t\t\t\t\t\t\t\t<\/div>\n\t\t\t\t\t<\/div>\n\t\t<\/section>\n\t\t\t\t\t\t<\/div>\n\t\t\t\t\t\t<\/div>\n\t\t\t\t\t<\/div>\n\t\t","protected":false},"excerpt":{"rendered":"<p>Hakk\u0131m\u0131zda Digital Words, i\u015fletmenize \u00f6zel pazarlama stratejileriyle dijital mecralarda marka bilinirli\u011finizi ve sat\u0131\u015flar\u0131n\u0131z\u0131 artt\u0131rmay\u0131 hedefleyen, kurumsal kimli\u011finize uygun web tasar\u0131m ve yaz\u0131l\u0131m geli\u015ftiren, 360\u00b0 dijital pazarlama \u00e7\u00f6z\u00fcmleri sunan,\u00a0 \u015feffaf ve m\u00fc\u015fteri odakl\u0131 \u00e7al\u0131\u015fma y\u00f6ntemini benimsemi\u015f bir performans ajans\u0131d\u0131r. \u00a0 Markan\u0131n ya da b\u00fct\u00e7enin b\u00fcy\u00fckl\u00fc\u011f\u00fcne g\u00f6re hizmet anlay\u0131\u015f\u0131n\u0131 de\u011fi\u015ftirmeden, i\u015fin ba\u015f\u0131ndan sonuna kadar ayn\u0131 \u00f6zen ve [&hellip;]<\/p>\n","protected":false},"author":1,"featured_media":0,"parent":0,"menu_order":0,"comment_status":"closed","ping_status":"closed","template":"template\/full-width-template.php","meta":[],"_links":{"self":[{"href":"https:\/\/www.digital-words.com\/en\/wp-json\/wp\/v2\/pages\/7165"}],"collection":[{"href":"https:\/\/www.digital-words.com\/en\/wp-json\/wp\/v2\/pages"}],"about":[{"href":"https:\/\/www.digital-words.com\/en\/wp-json\/wp\/v2\/types\/page"}],"author":[{"embeddable":true,"href":"https:\/\/www.digital-words.com\/en\/wp-json\/wp\/v2\/users\/1"}],"replies":[{"embeddable":true,"href":"https:\/\/www.digital-words.com\/en\/wp-json\/wp\/v2\/comments?post=7165"}],"version-history":[{"count":0,"href":"https:\/\/www.digital-words.com\/en\/wp-json\/wp\/v2\/pages\/7165\/revisions"}],"wp:attachment":[{"href":"https:\/\/www.digital-words.com\/en\/wp-json\/wp\/v2\/media?parent=7165"}],"curies":[{"name":"wp","href":"https:\/\/api.w.org\/{rel}","templated":true}]}}